{"id":55,"date":"2025-12-04T14:43:23","date_gmt":"2025-12-04T13:43:23","guid":{"rendered":"http:\/\/s386468537.onlinehome.fr\/?page_id=55"},"modified":"2026-04-21T16:41:09","modified_gmt":"2026-04-21T14:41:09","slug":"contact","status":"publish","type":"page","link":"https:\/\/gps-site.fr\/index.php\/contact\/","title":{"rendered":"Contact"},"content":{"rendered":"\t\t<div data-elementor-type=\"wp-page\" data-elementor-id=\"55\" class=\"elementor elementor-55\">\n\t\t\t\t<div class=\"elementor-element elementor-element-957a51d e-flex e-con-boxed wpr-particle-no wpr-jarallax-no wpr-parallax-no wpr-sticky-section-no wpr-equal-height-no e-con e-parent\" data-id=\"957a51d\" data-element_type=\"container\" data-e-type=\"container\">\n\t\t\t\t\t<div class=\"e-con-inner\">\n\t\t\t\t<div class=\"elementor-element elementor-element-cfa33e9 elementor-widget elementor-widget-heading\" data-id=\"cfa33e9\" data-element_type=\"widget\" data-e-type=\"widget\" data-widget_type=\"heading.default\">\n\t\t\t\t\t<h2 class=\"elementor-heading-title elementor-size-default\">Comment nous contacter ?<\/h2>\t\t\t\t<\/div>\n\t\t\t\t\t<\/div>\n\t\t\t\t<\/div>\n\t\t<div class=\"elementor-element elementor-element-93be788 e-flex e-con-boxed wpr-particle-no wpr-jarallax-no wpr-parallax-no wpr-sticky-section-no wpr-equal-height-no e-con e-parent\" data-id=\"93be788\" data-element_type=\"container\" data-e-type=\"container\">\n\t\t\t\t\t<div class=\"e-con-inner\">\n\t\t<div class=\"elementor-element elementor-element-463f395 e-con-full e-flex wpr-particle-no wpr-jarallax-no wpr-parallax-no wpr-sticky-section-no wpr-equal-height-no e-con e-child\" data-id=\"463f395\" data-element_type=\"container\" data-e-type=\"container\">\n\t\t\t\t<div class=\"elementor-element elementor-element-65c4e48 elementor-view-default elementor-widget elementor-widget-icon\" data-id=\"65c4e48\" data-element_type=\"widget\" data-e-type=\"widget\" data-widget_type=\"icon.default\">\n\t\t\t\t\t\t\t<div class=\"elementor-icon-wrapper\">\n\t\t\t<div class=\"elementor-icon\">\n\t\t\t<svg aria-hidden=\"true\" class=\"e-font-icon-svg e-fas-phone\" viewBox=\"0 0 512 512\" xmlns=\"http:\/\/www.w3.org\/2000\/svg\"><path d=\"M493.4 24.6l-104-24c-11.3-2.6-22.9 3.3-27.5 13.9l-48 112c-4.2 9.8-1.4 21.3 6.9 28l60.6 49.6c-36 76.7-98.9 140.5-177.2 177.2l-49.6-60.6c-6.8-8.3-18.2-11.1-28-6.9l-112 48C3.9 366.5-2 378.1.6 389.4l24 104C27.1 504.2 36.7 512 48 512c256.1 0 464-207.5 464-464 0-11.2-7.7-20.9-18.6-23.4z\"><\/path><\/svg>\t\t\t<\/div>\n\t\t<\/div>\n\t\t\t\t\t\t<\/div>\n\t\t\t\t<div class=\"elementor-element elementor-element-1d8e7bc elementor-widget elementor-widget-text-editor\" data-id=\"1d8e7bc\" data-element_type=\"widget\" data-e-type=\"widget\" data-widget_type=\"text-editor.default\">\n\t\t\t\t\t\t\t\t\t<p>Tel : 09 80 97 38 97<\/p>\t\t\t\t\t\t\t\t<\/div>\n\t\t\t\t<\/div>\n\t\t<div class=\"elementor-element elementor-element-bdc068e e-con-full e-flex wpr-particle-no wpr-jarallax-no wpr-parallax-no wpr-sticky-section-no wpr-equal-height-no e-con e-child\" data-id=\"bdc068e\" data-element_type=\"container\" data-e-type=\"container\">\n\t\t\t\t<div class=\"elementor-element elementor-element-d6e18ba elementor-view-default elementor-widget elementor-widget-icon\" data-id=\"d6e18ba\" data-element_type=\"widget\" data-e-type=\"widget\" data-widget_type=\"icon.default\">\n\t\t\t\t\t\t\t<div class=\"elementor-icon-wrapper\">\n\t\t\t<div class=\"elementor-icon\">\n\t\t\t<svg aria-hidden=\"true\" class=\"e-font-icon-svg e-far-envelope\" viewBox=\"0 0 512 512\" xmlns=\"http:\/\/www.w3.org\/2000\/svg\"><path d=\"M464 64H48C21.49 64 0 85.49 0 112v288c0 26.51 21.49 48 48 48h416c26.51 0 48-21.49 48-48V112c0-26.51-21.49-48-48-48zm0 48v40.805c-22.422 18.259-58.168 46.651-134.587 106.49-16.841 13.247-50.201 45.072-73.413 44.701-23.208.375-56.579-31.459-73.413-44.701C106.18 199.465 70.425 171.067 48 152.805V112h416zM48 400V214.398c22.914 18.251 55.409 43.862 104.938 82.646 21.857 17.205 60.134 55.186 103.062 54.955 42.717.231 80.509-37.199 103.053-54.947 49.528-38.783 82.032-64.401 104.947-82.653V400H48z\"><\/path><\/svg>\t\t\t<\/div>\n\t\t<\/div>\n\t\t\t\t\t\t<\/div>\n\t\t\t\t<div class=\"elementor-element elementor-element-cdb7529 elementor-widget elementor-widget-text-editor\" data-id=\"cdb7529\" data-element_type=\"widget\" data-e-type=\"widget\" data-widget_type=\"text-editor.default\">\n\t\t\t\t\t\t\t\t\t<p>Mail : contact@gps-site.fr<\/p>\t\t\t\t\t\t\t\t<\/div>\n\t\t\t\t<\/div>\n\t\t\t\t\t<\/div>\n\t\t\t\t<\/div>\n\t\t<div class=\"elementor-element elementor-element-e692e1c e-flex e-con-boxed wpr-particle-no wpr-jarallax-no wpr-parallax-no wpr-sticky-section-no wpr-equal-height-no e-con e-parent\" data-id=\"e692e1c\" data-element_type=\"container\" data-e-type=\"container\">\n\t\t\t\t\t<div class=\"e-con-inner\">\n\t\t\t\t<div class=\"elementor-element elementor-element-2aa034e elementor-widget elementor-widget-heading\" data-id=\"2aa034e\" data-element_type=\"widget\" data-e-type=\"widget\" data-widget_type=\"heading.default\">\n\t\t\t\t\t<h3 class=\"elementor-heading-title elementor-size-default\">O\u00f9 nous trouver ?<\/h3>\t\t\t\t<\/div>\n\t\t\t\t<div class=\"elementor-element elementor-element-2764bfa elementor-view-default elementor-widget elementor-widget-icon\" data-id=\"2764bfa\" data-element_type=\"widget\" data-e-type=\"widget\" data-widget_type=\"icon.default\">\n\t\t\t\t\t\t\t<div class=\"elementor-icon-wrapper\">\n\t\t\t<div class=\"elementor-icon\">\n\t\t\t<svg aria-hidden=\"true\" class=\"e-font-icon-svg e-fas-map-marker-alt\" viewBox=\"0 0 384 512\" xmlns=\"http:\/\/www.w3.org\/2000\/svg\"><path d=\"M172.268 501.67C26.97 291.031 0 269.413 0 192 0 85.961 85.961 0 192 0s192 85.961 192 192c0 77.413-26.97 99.031-172.268 309.67-9.535 13.774-29.93 13.773-39.464 0zM192 272c44.183 0 80-35.817 80-80s-35.817-80-80-80-80 35.817-80 80 35.817 80 80 80z\"><\/path><\/svg>\t\t\t<\/div>\n\t\t<\/div>\n\t\t\t\t\t\t<\/div>\n\t\t\t\t<div class=\"elementor-element elementor-element-5916d6c elementor-widget elementor-widget-text-editor\" data-id=\"5916d6c\" data-element_type=\"widget\" data-e-type=\"widget\" data-widget_type=\"text-editor.default\">\n\t\t\t\t\t\t\t\t\t<p>108 rue du Bas Pommereau,&nbsp;<span style=\"font-style: inherit; font-weight: inherit;\">59249 Aubers<\/span><\/p>\t\t\t\t\t\t\t\t<\/div>\n\t\t\t\t\t<\/div>\n\t\t\t\t<\/div>\n\t\t<div class=\"elementor-element elementor-element-b42987a e-flex e-con-boxed wpr-particle-no wpr-jarallax-no wpr-parallax-no wpr-sticky-section-no wpr-equal-height-no e-con e-parent\" data-id=\"b42987a\" data-element_type=\"container\" data-e-type=\"container\">\n\t\t\t\t\t<div class=\"e-con-inner\">\n\t\t\t\t<div class=\"elementor-element elementor-element-6587195 elementor-widget elementor-widget-google_maps\" data-id=\"6587195\" data-element_type=\"widget\" data-e-type=\"widget\" data-widget_type=\"google_maps.default\">\n\t\t\t\t\t\t\t<div class=\"elementor-custom-embed\">\n\t\t\t<iframe loading=\"lazy\"\n\t\t\t\t\tsrc=\"https:\/\/maps.google.com\/maps?q=108%20rue%20du%20Bas%20Pommereau&#038;t=m&#038;z=9&#038;output=embed&#038;iwloc=near\"\n\t\t\t\t\ttitle=\"108 rue du Bas Pommereau\"\n\t\t\t\t\taria-label=\"108 rue du Bas Pommereau\"\n\t\t\t><\/iframe>\n\t\t<\/div>\n\t\t\t\t\t\t<\/div>\n\t\t\t\t\t<\/div>\n\t\t\t\t<\/div>\n\t\t<div class=\"elementor-element elementor-element-c266f0a e-flex e-con-boxed wpr-particle-no wpr-jarallax-no wpr-parallax-no wpr-sticky-section-no wpr-equal-height-no e-con e-parent\" data-id=\"c266f0a\" data-element_type=\"container\" data-e-type=\"container\">\n\t\t\t\t\t<div class=\"e-con-inner\">\n\t\t\t\t<div class=\"elementor-element elementor-element-fb6185b elementor-widget elementor-widget-heading\" data-id=\"fb6185b\" data-element_type=\"widget\" data-e-type=\"widget\" data-widget_type=\"heading.default\">\n\t\t\t\t\t<h3 class=\"elementor-heading-title elementor-size-default\">Vous pouvez \u00e9galement passer par notre formulaire de contact :<\/h3>\t\t\t\t<\/div>\n\t\t\t\t\t<\/div>\n\t\t\t\t<\/div>\n\t\t<div class=\"elementor-element elementor-element-0fe49f7 e-flex e-con-boxed wpr-particle-no wpr-jarallax-no wpr-parallax-no wpr-sticky-section-no wpr-equal-height-no e-con e-parent\" data-id=\"0fe49f7\" data-element_type=\"container\" data-e-type=\"container\">\n\t\t\t\t\t<div class=\"e-con-inner\">\n\t\t\t\t<div class=\"elementor-element elementor-element-ab239cb elementor-widget elementor-widget-wpforms\" data-id=\"ab239cb\" data-element_type=\"widget\" data-e-type=\"widget\" data-widget_type=\"wpforms.default\">\n\t\t\t\t<div class=\"elementor-widget-container\">\n\t\t\t\t\t<div class=\"wpforms-container wpforms-container-full wpforms-render-modern\" id=\"wpforms-491\"><form id=\"wpforms-form-491\" class=\"wpforms-validate wpforms-form wpforms-ajax-form\" data-formid=\"491\" method=\"post\" enctype=\"multipart\/form-data\" action=\"\/index.php\/wp-json\/wp\/v2\/pages\/55\" data-token=\"23213a346f9429ee4c5643ee035bd097\" data-token-time=\"1777385973\"><noscript class=\"wpforms-error-noscript\">Veuillez activer JavaScript dans votre navigateur pour remplir ce formulaire.<\/noscript><div id=\"wpforms-error-noscript\" style=\"display: none;\">Veuillez activer JavaScript dans votre navigateur pour remplir ce formulaire.<\/div><div class=\"wpforms-field-container\"><div id=\"wpforms-491-field_3-container\" class=\"wpforms-field wpforms-field-text\" data-field-id=\"3\"><label class=\"wpforms-field-label\" for=\"wpforms-491-field_3\">Votre entreprise<\/label><input type=\"text\" id=\"wpforms-491-field_3\" class=\"wpforms-field-medium\" name=\"wpforms[fields][3]\" aria-errormessage=\"wpforms-491-field_3-error\" ><\/div>\t\t<div id=\"wpforms-491-field_2-container\"\n\t\t\tclass=\"wpforms-field wpforms-field-text\"\n\t\t\tdata-field-type=\"text\"\n\t\t\tdata-field-id=\"2\"\n\t\t\t>\n\t\t\t<label class=\"wpforms-field-label\" for=\"wpforms-491-field_2\" >ACCOMPAGNEMENT Lieu pouvez<\/label>\n\t\t\t<input type=\"text\" id=\"wpforms-491-field_2\" class=\"wpforms-field-medium\" name=\"wpforms[fields][2]\" >\n\t\t<\/div>\n\t\t<div id=\"wpforms-491-field_4-container\" class=\"wpforms-field wpforms-field-text\" data-field-id=\"4\"><label class=\"wpforms-field-label\" for=\"wpforms-491-field_4\">Lieu d&#039;implantation de votre entreprise<\/label><input type=\"text\" id=\"wpforms-491-field_4\" class=\"wpforms-field-medium\" name=\"wpforms[fields][4]\" aria-errormessage=\"wpforms-491-field_4-error\" ><\/div><div id=\"wpforms-491-field_5-container\" class=\"wpforms-field wpforms-field-name\" data-field-id=\"5\"><fieldset><legend class=\"wpforms-field-label\">Nom et pr\u00e9nom <span class=\"wpforms-required-label\" aria-hidden=\"true\">*<\/span><\/legend><div class=\"wpforms-field-row wpforms-field-medium\"><div class=\"wpforms-field-row-block wpforms-first wpforms-one-half\"><input type=\"text\" id=\"wpforms-491-field_5\" class=\"wpforms-field-name-first wpforms-field-required\" name=\"wpforms[fields][5][first]\" aria-errormessage=\"wpforms-491-field_5-error\" required><label for=\"wpforms-491-field_5\" class=\"wpforms-field-sublabel after\">Pr\u00e9nom<\/label><\/div><div class=\"wpforms-field-row-block wpforms-one-half\"><input type=\"text\" id=\"wpforms-491-field_5-last\" class=\"wpforms-field-name-last wpforms-field-required\" name=\"wpforms[fields][5][last]\" aria-errormessage=\"wpforms-491-field_5-last-error\" required><label for=\"wpforms-491-field_5-last\" class=\"wpforms-field-sublabel after\">Nom<\/label><\/div><\/div><\/fieldset><\/div><div id=\"wpforms-491-field_6-container\" class=\"wpforms-field wpforms-field-email\" data-field-id=\"6\"><label class=\"wpforms-field-label\" for=\"wpforms-491-field_6\">E-mail <span class=\"wpforms-required-label\" aria-hidden=\"true\">*<\/span><\/label><input type=\"email\" id=\"wpforms-491-field_6\" class=\"wpforms-field-medium wpforms-field-required\" name=\"wpforms[fields][6]\" spellcheck=\"false\" aria-errormessage=\"wpforms-491-field_6-error\" required><\/div><div id=\"wpforms-491-field_8-container\" class=\"wpforms-field wpforms-field-checkbox wpforms-list-2-columns\" data-field-id=\"8\"><fieldset><legend class=\"wpforms-field-label\">Ma demande concerne une FORMATION :<\/legend><ul id=\"wpforms-491-field_8\"><li class=\"choice-1 depth-1\"><input type=\"checkbox\" id=\"wpforms-491-field_8_1\" name=\"wpforms[fields][8][]\" value=\"SDC\" aria-errormessage=\"wpforms-491-field_8_1-error\"  ><label class=\"wpforms-field-label-inline\" for=\"wpforms-491-field_8_1\">SDC<\/label><\/li><li class=\"choice-9 depth-1\"><input type=\"checkbox\" id=\"wpforms-491-field_8_9\" name=\"wpforms[fields][8][]\" value=\"Manager et pr\u00e9vention\" aria-errormessage=\"wpforms-491-field_8_9-error\"  ><label class=\"wpforms-field-label-inline\" for=\"wpforms-491-field_8_9\">Manager et pr\u00e9vention<\/label><\/li><li class=\"choice-7 depth-1\"><input type=\"checkbox\" id=\"wpforms-491-field_8_7\" name=\"wpforms[fields][8][]\" value=\"Harc\u00e8lement au travail\" aria-errormessage=\"wpforms-491-field_8_7-error\"  ><label class=\"wpforms-field-label-inline\" for=\"wpforms-491-field_8_7\">Harc\u00e8lement au travail<\/label><\/li><li class=\"choice-4 depth-1\"><input type=\"checkbox\" id=\"wpforms-491-field_8_4\" name=\"wpforms[fields][8][]\" value=\"Dirigeant - EVRP AAT\" aria-errormessage=\"wpforms-491-field_8_4-error\"  ><label class=\"wpforms-field-label-inline\" for=\"wpforms-491-field_8_4\">Dirigeant - EVRP AAT<\/label><\/li><li class=\"choice-5 depth-1\"><input type=\"checkbox\" id=\"wpforms-491-field_8_5\" name=\"wpforms[fields][8][]\" value=\"D\u00e9marche de pr\u00e9vention\" aria-errormessage=\"wpforms-491-field_8_5-error\"  ><label class=\"wpforms-field-label-inline\" for=\"wpforms-491-field_8_5\">D\u00e9marche de pr\u00e9vention<\/label><\/li><li class=\"choice-2 depth-1\"><input type=\"checkbox\" id=\"wpforms-491-field_8_2\" name=\"wpforms[fields][8][]\" value=\"R\u00e9f\u00e9rent - EVRP AAT\" aria-errormessage=\"wpforms-491-field_8_2-error\"  ><label class=\"wpforms-field-label-inline\" for=\"wpforms-491-field_8_2\">R\u00e9f\u00e9rent - EVRP AAT<\/label><\/li><li class=\"choice-6 depth-1\"><input type=\"checkbox\" id=\"wpforms-491-field_8_6\" name=\"wpforms[fields][8][]\" value=\"TMS\" aria-errormessage=\"wpforms-491-field_8_6-error\"  ><label class=\"wpforms-field-label-inline\" for=\"wpforms-491-field_8_6\">TMS<\/label><\/li><li class=\"choice-10 depth-1\"><input type=\"checkbox\" id=\"wpforms-491-field_8_10\" name=\"wpforms[fields][8][]\" value=\"Conduite de changement\" aria-errormessage=\"wpforms-491-field_8_10-error\"  ><label class=\"wpforms-field-label-inline\" for=\"wpforms-491-field_8_10\">Conduite de changement<\/label><\/li><li class=\"choice-3 depth-1\"><input type=\"checkbox\" id=\"wpforms-491-field_8_3\" name=\"wpforms[fields][8][]\" value=\"PR RPS\" aria-errormessage=\"wpforms-491-field_8_3-error\"  ><label class=\"wpforms-field-label-inline\" for=\"wpforms-491-field_8_3\">PR RPS<\/label><\/li><li class=\"choice-8 depth-1\"><input type=\"checkbox\" id=\"wpforms-491-field_8_8\" name=\"wpforms[fields][8][]\" value=\"Autre\" aria-errormessage=\"wpforms-491-field_8_8-error\"  ><label class=\"wpforms-field-label-inline\" for=\"wpforms-491-field_8_8\">Autre<\/label><\/li><\/ul><\/fieldset><\/div><div id=\"wpforms-491-field_10-container\" class=\"wpforms-field wpforms-field-checkbox wpforms-list-2-columns\" data-field-id=\"10\"><fieldset><legend class=\"wpforms-field-label\">Ma demande concerne un ACCOMPAGNEMENT &amp; CONSEIL<\/legend><ul id=\"wpforms-491-field_10\"><li class=\"choice-3 depth-1\"><input type=\"checkbox\" id=\"wpforms-491-field_10_3\" name=\"wpforms[fields][10][]\" value=\"Diagnostic RPS\" aria-errormessage=\"wpforms-491-field_10_3-error\"  ><label class=\"wpforms-field-label-inline\" for=\"wpforms-491-field_10_3\">Diagnostic RPS<\/label><\/li><li class=\"choice-7 depth-1\"><input type=\"checkbox\" id=\"wpforms-491-field_10_7\" name=\"wpforms[fields][10][]\" value=\"Enqu\u00eate interne suite alerte harc\u00e8lement\" aria-errormessage=\"wpforms-491-field_10_7-error\"  ><label class=\"wpforms-field-label-inline\" for=\"wpforms-491-field_10_7\">Enqu\u00eate interne suite alerte harc\u00e8lement<\/label><\/li><li class=\"choice-1 depth-1\"><input type=\"checkbox\" id=\"wpforms-491-field_10_1\" name=\"wpforms[fields][10][]\" value=\"Document Unique\" aria-errormessage=\"wpforms-491-field_10_1-error\"  ><label class=\"wpforms-field-label-inline\" for=\"wpforms-491-field_10_1\">Document Unique<\/label><\/li><li class=\"choice-4 depth-1\"><input type=\"checkbox\" id=\"wpforms-491-field_10_4\" name=\"wpforms[fields][10][]\" value=\"TMS\" aria-errormessage=\"wpforms-491-field_10_4-error\"  ><label class=\"wpforms-field-label-inline\" for=\"wpforms-491-field_10_4\">TMS<\/label><\/li><li class=\"choice-2 depth-1\"><input type=\"checkbox\" id=\"wpforms-491-field_10_2\" name=\"wpforms[fields][10][]\" value=\"Analyse accident du travail\" aria-errormessage=\"wpforms-491-field_10_2-error\"  ><label class=\"wpforms-field-label-inline\" for=\"wpforms-491-field_10_2\">Analyse accident du travail<\/label><\/li><li class=\"choice-8 depth-1\"><input type=\"checkbox\" id=\"wpforms-491-field_10_8\" name=\"wpforms[fields][10][]\" value=\"Conduite de changement\" aria-errormessage=\"wpforms-491-field_10_8-error\"  ><label class=\"wpforms-field-label-inline\" for=\"wpforms-491-field_10_8\">Conduite de changement<\/label><\/li><li class=\"choice-6 depth-1\"><input type=\"checkbox\" id=\"wpforms-491-field_10_6\" name=\"wpforms[fields][10][]\" value=\"Autre\" aria-errormessage=\"wpforms-491-field_10_6-error\"  ><label class=\"wpforms-field-label-inline\" for=\"wpforms-491-field_10_6\">Autre<\/label><\/li><li class=\"choice-5 depth-1\"><input type=\"checkbox\" id=\"wpforms-491-field_10_5\" name=\"wpforms[fields][10][]\" value=\"Pr\u00e9vention des conflits\" aria-errormessage=\"wpforms-491-field_10_5-error\"  ><label class=\"wpforms-field-label-inline\" for=\"wpforms-491-field_10_5\">Pr\u00e9vention des conflits<\/label><\/li><\/ul><\/fieldset><\/div><div id=\"wpforms-491-field_1-container\" class=\"wpforms-field wpforms-field-textarea\" data-field-id=\"1\"><label class=\"wpforms-field-label\" for=\"wpforms-491-field_1\">Vous pouvez pr\u00e9ciser votre demande<\/label><textarea id=\"wpforms-491-field_1\" class=\"wpforms-field-medium\" name=\"wpforms[fields][1]\" aria-errormessage=\"wpforms-491-field_1-error\" ><\/textarea><\/div><script>\n\t\t\t\t( function() {\n\t\t\t\t\tconst style = document.createElement( 'style' );\n\t\t\t\t\tstyle.appendChild( document.createTextNode( '#wpforms-491-field_2-container { position: absolute !important; overflow: hidden !important; display: inline !important; height: 1px !important; width: 1px !important; z-index: -1000 !important; padding: 0 !important; } #wpforms-491-field_2-container input { visibility: hidden; } #wpforms-conversational-form-page #wpforms-491-field_2-container label { counter-increment: none; }' ) );\n\t\t\t\t\tdocument.head.appendChild( style );\n\t\t\t\t\tdocument.currentScript?.remove();\n\t\t\t\t} )();\n\t\t\t<\/script><\/div><!-- .wpforms-field-container --><div class=\"wpforms-submit-container\" ><input type=\"hidden\" name=\"wpforms[id]\" value=\"491\"><input type=\"hidden\" name=\"page_title\" value=\"\"><input type=\"hidden\" name=\"page_url\" value=\"https:\/\/gps-site.fr\/index.php\/wp-json\/wp\/v2\/pages\/55\"><input type=\"hidden\" name=\"url_referer\" value=\"\"><button type=\"submit\" name=\"wpforms[submit]\" id=\"wpforms-submit-491\" class=\"wpforms-submit\" data-alt-text=\"Envoi...\" data-submit-text=\"Envoyer\" aria-live=\"assertive\" value=\"wpforms-submit\">Envoyer<\/button><img decoding=\"async\" src=\"https:\/\/gps-site.fr\/wp-content\/plugins\/wpforms-lite\/assets\/images\/submit-spin.svg\" class=\"wpforms-submit-spinner\" style=\"display: none;\" width=\"26\" height=\"26\" alt=\"Chargement en cours\"><\/div><\/form><\/div>  <!-- .wpforms-container -->\t\t\t\t<\/div>\n\t\t\t\t<\/div>\n\t\t\t\t\t<\/div>\n\t\t\t\t<\/div>\n\t\t\t\t<\/div>\n\t\t","protected":false},"excerpt":{"rendered":"<p>Comment nous contacter ? Tel : 09 80 97 38 97 Mail : contact@gps-site.fr O\u00f9 nous trouver ? 108 rue du Bas Pommereau,&nbsp;59249 Aubers Vous pouvez \u00e9galement passer par notre formulaire de contact : Veuillez activer JavaScript dans votre navigateur pour remplir ce formulaire.Veuillez activer JavaScript dans votre navigateur pour remplir ce formulaire.Votre entrepriseLieu d&#039;implantation de votre entreprise Nom et pr\u00e9nom * Pr\u00e9nomNom E-mail * Ma demande concerne une FORMATION : SDC Harc\u00e8lement au travail EVRP AAT &#8211; Dirigeant D\u00e9marche de pr\u00e9vention EVRP AAT &#8211; R\u00e9f\u00e9rent TMS PR RPS Autre Ma demande concerne un ACCOMPAGNEMENT &amp; CONSEIL Diagnostic RPS Enqu\u00eate Interne Document Unique Sensibilisation TMS Analyse accident du travail Autre Culture de pr\u00e9vention Vous pouvez pr\u00e9ciser votre demande Envoyer<\/p>\n","protected":false},"author":1,"featured_media":0,"parent":0,"menu_order":0,"comment_status":"closed","ping_status":"closed","template":"","meta":{"site-sidebar-layout":"no-sidebar","site-content-layout":"","ast-site-content-layout":"full-width-container","site-content-style":"default","site-sidebar-style":"default","ast-global-header-display":"","ast-banner-title-visibility":"","ast-main-header-display":"","ast-hfb-above-header-display":"","ast-hfb-below-header-display":"","ast-hfb-mobile-header-display":"","site-post-title":"disabled","ast-breadcrumbs-content":"","ast-featured-img":"disabled","footer-sml-layout":"","ast-disable-related-posts":"","theme-transparent-header-meta":"","adv-header-id-meta":"","stick-header-meta":"","header-above-stick-meta":"","header-main-stick-meta":"","header-below-stick-meta":"","astra-migrate-meta-layouts":"default","ast-page-background-enabled":"default","ast-page-background-meta":{"desktop":{"background-color":"var(--ast-global-color-5)","background-image":"","background-repeat":"repeat","background-position":"center center","background-size":"auto","background-attachment":"scroll","background-type":"","background-media":"","overlay-type":"","overlay-color":"","overlay-opacity":"","overlay-gradient":""},"tablet":{"background-color":"","background-image":"","background-repeat":"repeat","background-position":"center center","background-size":"auto","background-attachment":"scroll","background-type":"","background-media":"","overlay-type":"","overlay-color":"","overlay-opacity":"","overlay-gradient":""},"mobile":{"background-color":"","background-image":"","background-repeat":"repeat","background-position":"center center","background-size":"auto","background-attachment":"scroll","background-type":"","background-media":"","overlay-type":"","overlay-color":"","overlay-opacity":"","overlay-gradient":""}},"ast-content-background-meta":{"desktop":{"background-color":"var(--ast-global-color-4)","background-image":"","background-repeat":"repeat","background-position":"center center","background-size":"auto","background-attachment":"scroll","background-type":"","background-media":"","overlay-type":"","overlay-color":"","overlay-opacity":"","overlay-gradient":""},"tablet":{"background-color":"var(--ast-global-color-4)","background-image":"","background-repeat":"repeat","background-position":"center center","background-size":"auto","background-attachment":"scroll","background-type":"","background-media":"","overlay-type":"","overlay-color":"","overlay-opacity":"","overlay-gradient":""},"mobile":{"background-color":"var(--ast-global-color-4)","background-image":"","background-repeat":"repeat","background-position":"center center","background-size":"auto","background-attachment":"scroll","background-type":"","background-media":"","overlay-type":"","overlay-color":"","overlay-opacity":"","overlay-gradient":""}},"footnotes":""},"class_list":["post-55","page","type-page","status-publish","hentry"],"_links":{"self":[{"href":"https:\/\/gps-site.fr\/index.php\/wp-json\/wp\/v2\/pages\/55","targetHints":{"allow":["GET"]}}],"collection":[{"href":"https:\/\/gps-site.fr\/index.php\/wp-json\/wp\/v2\/pages"}],"about":[{"href":"https:\/\/gps-site.fr\/index.php\/wp-json\/wp\/v2\/types\/page"}],"author":[{"embeddable":true,"href":"https:\/\/gps-site.fr\/index.php\/wp-json\/wp\/v2\/users\/1"}],"replies":[{"embeddable":true,"href":"https:\/\/gps-site.fr\/index.php\/wp-json\/wp\/v2\/comments?post=55"}],"version-history":[{"count":32,"href":"https:\/\/gps-site.fr\/index.php\/wp-json\/wp\/v2\/pages\/55\/revisions"}],"predecessor-version":[{"id":2872,"href":"https:\/\/gps-site.fr\/index.php\/wp-json\/wp\/v2\/pages\/55\/revisions\/2872"}],"wp:attachment":[{"href":"https:\/\/gps-site.fr\/index.php\/wp-json\/wp\/v2\/media?parent=55"}],"curies":[{"name":"wp","href":"https:\/\/api.w.org\/{rel}","templated":true}]}}