{"id":109,"date":"2025-12-04T15:37:27","date_gmt":"2025-12-04T14:37:27","guid":{"rendered":"http:\/\/s386468537.onlinehome.fr\/?page_id=109"},"modified":"2026-04-21T13:35:09","modified_gmt":"2026-04-21T11:35:09","slug":"politique-de-confidentialite","status":"publish","type":"page","link":"https:\/\/gps-site.fr\/index.php\/politique-de-confidentialite\/","title":{"rendered":"Politique de confidentialit\u00e9"},"content":{"rendered":"\t\t<div data-elementor-type=\"wp-page\" data-elementor-id=\"109\" class=\"elementor elementor-109\">\n\t\t\t\t<div class=\"elementor-element elementor-element-49ce365 e-flex e-con-boxed wpr-particle-no wpr-jarallax-no wpr-parallax-no wpr-sticky-section-no wpr-equal-height-no e-con e-parent\" data-id=\"49ce365\" data-element_type=\"container\" data-e-type=\"container\">\n\t\t\t\t\t<div class=\"e-con-inner\">\n\t\t\t\t<div class=\"elementor-element elementor-element-fcd3ec4 elementor-widget elementor-widget-heading\" data-id=\"fcd3ec4\" data-element_type=\"widget\" data-e-type=\"widget\" data-widget_type=\"heading.default\">\n\t\t\t\t\t<h2 class=\"elementor-heading-title elementor-size-default\">1) L'utilisation des cookies<\/h2>\t\t\t\t<\/div>\n\t\t\t\t<div class=\"elementor-element elementor-element-a599160 elementor-widget elementor-widget-text-editor\" data-id=\"a599160\" data-element_type=\"widget\" data-e-type=\"widget\" data-widget_type=\"text-editor.default\">\n\t\t\t\t\t\t\t\t\t<p>Conformement \u00e0 l&rsquo;article 32-II de la loi du 6 janvier 1978, modifi\u00e9 par l&rsquo;ordonnance n\u00b02011-1012 du 24 ao\u00fbt 2011 qui a transpos\u00e9 la directive 2009\/136\/CE relative aux communications \u00e9lectroniques, un site utilisant les cookies a besoin d&rsquo;un consentement pr\u00e9alable de l&rsquo;utilisateur avant le\u00a0stockage de ceux-ci sur son \u00e9quipement.<\/p>\t\t\t\t\t\t\t\t<\/div>\n\t\t\t\t\t<\/div>\n\t\t\t\t<\/div>\n\t\t<div class=\"elementor-element elementor-element-0c35bec e-flex e-con-boxed wpr-particle-no wpr-jarallax-no wpr-parallax-no wpr-sticky-section-no wpr-equal-height-no e-con e-parent\" data-id=\"0c35bec\" data-element_type=\"container\" data-e-type=\"container\">\n\t\t\t\t\t<div class=\"e-con-inner\">\n\t\t\t\t<div class=\"elementor-element elementor-element-1cc8db5 elementor-widget elementor-widget-heading\" data-id=\"1cc8db5\" data-element_type=\"widget\" data-e-type=\"widget\" data-widget_type=\"heading.default\">\n\t\t\t\t\t<h2 class=\"elementor-heading-title elementor-size-default\">2) Finalit\u00e9 des cookies utilis\u00e9s<\/h2>\t\t\t\t<\/div>\n\t\t\t\t<div class=\"elementor-element elementor-element-7ca1271 elementor-widget elementor-widget-text-editor\" data-id=\"7ca1271\" data-element_type=\"widget\" data-e-type=\"widget\" data-widget_type=\"text-editor.default\">\n\t\t\t\t\t\t\t\t\t<p><strong>=&gt; Notre site utilise les cookies uniquement dans un but analytique pour am\u00e9liorer l&rsquo;exp\u00e9rience de l&rsquo;utilisateur et la navigation dans le site.<\/strong><\/p>\t\t\t\t\t\t\t\t<\/div>\n\t\t\t\t\t<\/div>\n\t\t\t\t<\/div>\n\t\t<div class=\"elementor-element elementor-element-dd689c3 e-flex e-con-boxed wpr-particle-no wpr-jarallax-no wpr-parallax-no wpr-sticky-section-no wpr-equal-height-no e-con e-parent\" data-id=\"dd689c3\" data-element_type=\"container\" data-e-type=\"container\">\n\t\t\t\t\t<div class=\"e-con-inner\">\n\t\t\t\t<div class=\"elementor-element elementor-element-27d1c4c elementor-widget elementor-widget-heading\" data-id=\"27d1c4c\" data-element_type=\"widget\" data-e-type=\"widget\" data-widget_type=\"heading.default\">\n\t\t\t\t\t<h2 class=\"elementor-heading-title elementor-size-default\">3) Vie priv\u00e9e<\/h2>\t\t\t\t<\/div>\n\t\t\t\t<div class=\"elementor-element elementor-element-7ed9d30 elementor-widget elementor-widget-text-editor\" data-id=\"7ed9d30\" data-element_type=\"widget\" data-e-type=\"widget\" data-widget_type=\"text-editor.default\">\n\t\t\t\t\t\t\t\t\t<p>Notre outil d&rsquo;analyse est param\u00e9tr\u00e9 pour ne pas garder les 2 derniers octets de l&rsquo;adresse ip, nous ne pouvons donc pas identifier ou tracer un individu.<\/p><p><span style=\"font-style: inherit; font-weight: inherit;\">Nous tenons \u00e9galement compte de l&rsquo;option \u00ab\u00a0Do Not Track\u00a0\u00bb de votre navigateur, si celui-ci est activ\u00e9, notre outil d&rsquo;analyse est param\u00e9tr\u00e9 pour ne pas consid\u00e9rer cette connexion.<\/span><\/p><p><span style=\"font-style: inherit; font-weight: inherit;\">Vous avez la possibilit\u00e9 de vous opposer \u00e0 ces cookies et de changer les param\u00e8tres en d\u00e9cochant la case ci-dessous :<\/span><\/p>\t\t\t\t\t\t\t\t<\/div>\n\t\t\t\t\t<\/div>\n\t\t\t\t<\/div>\n\t\t\t\t<\/div>\n\t\t","protected":false},"excerpt":{"rendered":"<p>1) L&rsquo;utilisation des cookies Conformement \u00e0 l&rsquo;article 32-II de la loi du 6 janvier 1978, modifi\u00e9 par l&rsquo;ordonnance n\u00b02011-1012 du 24 ao\u00fbt 2011 qui a transpos\u00e9 la directive 2009\/136\/CE relative aux communications \u00e9lectroniques, un site utilisant les cookies a besoin d&rsquo;un consentement pr\u00e9alable de l&rsquo;utilisateur avant le\u00a0stockage de ceux-ci sur son \u00e9quipement. 2) Finalit\u00e9 des cookies utilis\u00e9s =&gt; Notre site utilise les cookies uniquement dans un but analytique pour am\u00e9liorer l&rsquo;exp\u00e9rience de l&rsquo;utilisateur et la navigation dans le site. 3) Vie priv\u00e9e Notre outil d&rsquo;analyse est param\u00e9tr\u00e9 pour ne pas garder les 2 derniers octets de l&rsquo;adresse ip, nous ne pouvons donc pas identifier ou tracer un individu. Nous tenons \u00e9galement compte de l&rsquo;option \u00ab\u00a0Do Not Track\u00a0\u00bb de votre navigateur, si celui-ci est activ\u00e9, notre outil d&rsquo;analyse est param\u00e9tr\u00e9 pour ne pas consid\u00e9rer cette connexion. Vous avez la possibilit\u00e9 de vous opposer \u00e0 ces cookies et de changer les param\u00e8tres en d\u00e9cochant la case ci-dessous :<\/p>\n","protected":false},"author":1,"featured_media":0,"parent":0,"menu_order":0,"comment_status":"closed","ping_status":"closed","template":"","meta":{"site-sidebar-layout":"no-sidebar","site-content-layout":"","ast-site-content-layout":"full-width-container","site-content-style":"default","site-sidebar-style":"default","ast-global-header-display":"","ast-banner-title-visibility":"","ast-main-header-display":"","ast-hfb-above-header-display":"","ast-hfb-below-header-display":"","ast-hfb-mobile-header-display":"","site-post-title":"","ast-breadcrumbs-content":"","ast-featured-img":"disabled","footer-sml-layout":"","ast-disable-related-posts":"","theme-transparent-header-meta":"","adv-header-id-meta":"","stick-header-meta":"","header-above-stick-meta":"","header-main-stick-meta":"","header-below-stick-meta":"","astra-migrate-meta-layouts":"default","ast-page-background-enabled":"default","ast-page-background-meta":{"desktop":{"background-color":"var(--ast-global-color-5)","background-image":"","background-repeat":"repeat","background-position":"center center","background-size":"auto","background-attachment":"scroll","background-type":"","background-media":"","overlay-type":"","overlay-color":"","overlay-opacity":"","overlay-gradient":""},"tablet":{"background-color":"","background-image":"","background-repeat":"repeat","background-position":"center center","background-size":"auto","background-attachment":"scroll","background-type":"","background-media":"","overlay-type":"","overlay-color":"","overlay-opacity":"","overlay-gradient":""},"mobile":{"background-color":"","background-image":"","background-repeat":"repeat","background-position":"center center","background-size":"auto","background-attachment":"scroll","background-type":"","background-media":"","overlay-type":"","overlay-color":"","overlay-opacity":"","overlay-gradient":""}},"ast-content-background-meta":{"desktop":{"background-color":"var(--ast-global-color-4)","background-image":"","background-repeat":"repeat","background-position":"center center","background-size":"auto","background-attachment":"scroll","background-type":"","background-media":"","overlay-type":"","overlay-color":"","overlay-opacity":"","overlay-gradient":""},"tablet":{"background-color":"var(--ast-global-color-4)","background-image":"","background-repeat":"repeat","background-position":"center center","background-size":"auto","background-attachment":"scroll","background-type":"","background-media":"","overlay-type":"","overlay-color":"","overlay-opacity":"","overlay-gradient":""},"mobile":{"background-color":"var(--ast-global-color-4)","background-image":"","background-repeat":"repeat","background-position":"center center","background-size":"auto","background-attachment":"scroll","background-type":"","background-media":"","overlay-type":"","overlay-color":"","overlay-opacity":"","overlay-gradient":""}},"footnotes":""},"class_list":["post-109","page","type-page","status-publish","hentry"],"_links":{"self":[{"href":"https:\/\/gps-site.fr\/index.php\/wp-json\/wp\/v2\/pages\/109","targetHints":{"allow":["GET"]}}],"collection":[{"href":"https:\/\/gps-site.fr\/index.php\/wp-json\/wp\/v2\/pages"}],"about":[{"href":"https:\/\/gps-site.fr\/index.php\/wp-json\/wp\/v2\/types\/page"}],"author":[{"embeddable":true,"href":"https:\/\/gps-site.fr\/index.php\/wp-json\/wp\/v2\/users\/1"}],"replies":[{"embeddable":true,"href":"https:\/\/gps-site.fr\/index.php\/wp-json\/wp\/v2\/comments?post=109"}],"version-history":[{"count":13,"href":"https:\/\/gps-site.fr\/index.php\/wp-json\/wp\/v2\/pages\/109\/revisions"}],"predecessor-version":[{"id":2857,"href":"https:\/\/gps-site.fr\/index.php\/wp-json\/wp\/v2\/pages\/109\/revisions\/2857"}],"wp:attachment":[{"href":"https:\/\/gps-site.fr\/index.php\/wp-json\/wp\/v2\/media?parent=109"}],"curies":[{"name":"wp","href":"https:\/\/api.w.org\/{rel}","templated":true}]}}